{"id":626,"date":"2018-11-05T18:26:02","date_gmt":"2018-11-05T18:26:02","guid":{"rendered":"https:\/\/lasemanadelplaneta.com\/home-space\/"},"modified":"2022-06-27T10:55:03","modified_gmt":"2022-06-27T10:55:03","slug":"home-space","status":"publish","type":"page","link":"https:\/\/lasemanadelplaneta.com\/de\/","title":{"rendered":"Home Space"},"content":{"rendered":"<p>[vc_row css=&#8220;.vc_custom_1648466688527{margin-top: 0px !important;margin-right: 0px !important;margin-bottom: 0px !important;margin-left: 0px !important;padding-top: 0px !important;padding-right: 0px !important;padding-bottom: 0px !important;padding-left: 0px !important;}&#8220; offset=&#8220;vc_hidden-sm&#8220;][vc_column css=&#8220;.vc_custom_1541444463988{margin-top: 0px !important;margin-right: 0px !important;margin-bottom: 0px !important;margin-left: 0px !important;padding-top: 0px !important;padding-right: 0px !important;padding-bottom: 0px !important;padding-left: 0px !important;}&#8220;]\n\t\t\t<!-- START Space REVOLUTION SLIDER 6.5.14 --><p class=\"rs-p-wp-fix\"><\/p>\n\t\t\t<rs-module-wrap id=\"rev_slider_2_1_wrapper\" data-source=\"gallery\" style=\"visibility:hidden;background:#000000;padding:0;\">\n\t\t\t\t<rs-module id=\"rev_slider_2_1\" style=\"\" data-version=\"6.5.14\">\n\t\t\t\t\t<rs-slides>\n\t\t\t\t\t\t<rs-slide style=\"position: absolute;\" data-key=\"rs-8\" data-title=\"Slide DE\" data-anim=\"ms:600;\" data-in=\"o:0;\" data-out=\"a:false;\">\n\t\t\t\t\t\t\t<img src=\"\/\/lasemanadelplaneta.com\/wp-content\/plugins\/revslider\/public\/assets\/assets\/dummy.png\" alt=\"\" title=\"Home Space\" class=\"rev-slidebg tp-rs-img rs-lazyload\" data-lazyload=\"\/\/lasemanadelplaneta.com\/wp-content\/uploads\/2018\/11\/space.jpg\" data-parallax=\"off\" data-no-retina>\n<!--\n\t\t\t\t\t\t\t--><rs-layer\n\t\t\t\t\t\t\t\tid=\"slider-2-slide-8-layer-1\" \n\t\t\t\t\t\t\t\tclass=\"rs-pxl-1\"\n\t\t\t\t\t\t\t\tdata-type=\"image\"\n\t\t\t\t\t\t\t\tdata-rsp_ch=\"on\"\n\t\t\t\t\t\t\t\tdata-xy=\"xo:249px,249px,249px,-60px;y:m;yo:-4px,-4px,-4px,11px;\"\n\t\t\t\t\t\t\t\tdata-text=\"l:22;a:inherit;\"\n\t\t\t\t\t\t\t\tdata-dim=\"w:['252px','252px','252px','252px'];h:['653px','653px','653px','653px'];\"\n\t\t\t\t\t\t\t\tdata-frame_0=\"y:bottom;o:1;\"\n\t\t\t\t\t\t\t\tdata-frame_1=\"st:430;sp:2000;sR:430;\"\n\t\t\t\t\t\t\t\tdata-frame_999=\"o:0;st:w;sR:6570;\"\n\t\t\t\t\t\t\t\tstyle=\"z-index:7;\"\n\t\t\t\t\t\t\t><img src=\"\/\/lasemanadelplaneta.com\/wp-content\/plugins\/revslider\/public\/assets\/assets\/dummy.png\" alt=\"\" class=\"tp-rs-img rs-lazyload\" width=\"240\" height=\"622\" data-lazyload=\"\/\/lasemanadelplaneta.com\/wp-content\/uploads\/2020\/04\/reloj-arena.png\" data-no-retina> \n\t\t\t\t\t\t\t<\/rs-layer><!--\n\n\t\t\t\t\t\t\t--><rs-layer\n\t\t\t\t\t\t\t\tid=\"slider-2-slide-8-layer-2\" \n\t\t\t\t\t\t\t\tclass=\"tp-shape tp-shapewrapper\"\n\t\t\t\t\t\t\t\tdata-type=\"shape\"\n\t\t\t\t\t\t\t\tdata-rsp_ch=\"on\"\n\t\t\t\t\t\t\t\tdata-xy=\"x:c;y:m;\"\n\t\t\t\t\t\t\t\tdata-text=\"a:inherit;\"\n\t\t\t\t\t\t\t\tdata-dim=\"w:1200px;h:600px;\"\n\t\t\t\t\t\t\t\tdata-border=\"bos:solid;boc:#ffffff;bow:20,20,20,20;\"\n\t\t\t\t\t\t\t\tdata-frame_0=\"y:top;o:1;\"\n\t\t\t\t\t\t\t\tdata-frame_1=\"st:2440;sp:2000;sR:2440;\"\n\t\t\t\t\t\t\t\tdata-frame_999=\"o:0;st:w;sR:4560;\"\n\t\t\t\t\t\t\t\tstyle=\"z-index:6;background-color:rgba(0,0,0,0);\"\n\t\t\t\t\t\t\t> \n\t\t\t\t\t\t\t<\/rs-layer><!--\n\n\t\t\t\t\t\t\t--><rs-layer\n\t\t\t\t\t\t\t\tid=\"slider-2-slide-8-layer-3\" \n\t\t\t\t\t\t\t\tdata-type=\"text\"\n\t\t\t\t\t\t\t\tdata-rsp_ch=\"on\"\n\t\t\t\t\t\t\t\tdata-xy=\"x:l,l,l,c;xo:945px,945px,945px,0;y:m;yo:-100px;\"\n\t\t\t\t\t\t\t\tdata-text=\"s:80;l:81;fw:700;a:right;\"\n\t\t\t\t\t\t\t\tdata-dim=\"w:auto,auto,auto,200.602px;\"\n\t\t\t\t\t\t\t\tdata-frame_1=\"st:4440;sR:4440;\"\n\t\t\t\t\t\t\t\tdata-frame_999=\"o:0;st:w;sR:4260;\"\n\t\t\t\t\t\t\t\tstyle=\"z-index:8;font-family:'Montserrat';\"\n\t\t\t\t\t\t\t>SOS \n\t\t\t\t\t\t\t<\/rs-layer><!--\n\n\t\t\t\t\t\t\t--><rs-layer\n\t\t\t\t\t\t\t\tid=\"slider-2-slide-8-layer-4\" \n\t\t\t\t\t\t\t\tdata-type=\"text\"\n\t\t\t\t\t\t\t\tdata-rsp_ch=\"on\"\n\t\t\t\t\t\t\t\tdata-xy=\"xo:811px,811px,811px,80px;yo:388px,388px,388px,337px;\"\n\t\t\t\t\t\t\t\tdata-text=\"w:normal;s:16;l:22;ls:1px;a:right,right,right,center;\"\n\t\t\t\t\t\t\t\tdata-dim=\"w:308.991px,308.991px,308.991px,308px;\"\n\t\t\t\t\t\t\t\tdata-frame_1=\"st:4440;sR:4440;\"\n\t\t\t\t\t\t\t\tdata-frame_999=\"o:0;st:w;sR:4260;\"\n\t\t\t\t\t\t\t\tstyle=\"z-index:9;font-family:'Poppins';\"\n\t\t\t\t\t\t\t><strong>Es ist unm\u00f6glich, dass Menschen auf einem kranken Planeten gesund leben<\/strong>, aber die Erde ist kein lebloses Objekt, sondern ein lebender Organismus, der sich selbst heilen kann. \n\t\t\t\t\t\t\t<\/rs-layer><!--\n\n\t\t\t\t\t\t\t--><rs-layer\n\t\t\t\t\t\t\t\tid=\"slider-2-slide-8-layer-6\" \n\t\t\t\t\t\t\t\tclass=\"tp-shape tp-shapewrapper\"\n\t\t\t\t\t\t\t\tdata-type=\"shape\"\n\t\t\t\t\t\t\t\tdata-rsp_ch=\"on\"\n\t\t\t\t\t\t\t\tdata-xy=\"x:c;y:b;\"\n\t\t\t\t\t\t\t\tdata-text=\"fw:500;a:inherit;\"\n\t\t\t\t\t\t\t\tdata-dim=\"w:3000px;h:301px;\"\n\t\t\t\t\t\t\t\tdata-blendmode=\"multiply\"\n\t\t\t\t\t\t\t\tdata-frame_0=\"o:1;\"\n\t\t\t\t\t\t\t\tdata-frame_1=\"st:320;sp:460;sR:320;\"\n\t\t\t\t\t\t\t\tdata-frame_999=\"o:0;st:w;sR:8220;\"\n\t\t\t\t\t\t\t\tstyle=\"z-index:5;background:linear-gradient(rgba(10,10,10,0) 0%, rgba(10,10,10,1) 85%, rgba(10,10,10,1) 100%);\"\n\t\t\t\t\t\t\t> \n\t\t\t\t\t\t\t<\/rs-layer><!--\n-->\t\t\t\t\t\t<\/rs-slide>\n\t\t\t\t\t<\/rs-slides>\n\t\t\t\t<\/rs-module>\n\t\t\t\t<script>\n\t\t\t\t\tsetREVStartSize({c: 'rev_slider_2_1',rl:[1240,1240,1240,480],el:[867.997,867.997,867.997,720],gw:[1240,1240,1240,480],gh:[868,868,868,720],type:'hero',justify:'',layout:'fullscreen',offsetContainer:'',offset:'',mh:\"0\"});if (window.RS_MODULES!==undefined && window.RS_MODULES.modules!==undefined && window.RS_MODULES.modules[\"revslider21\"]!==undefined) {window.RS_MODULES.modules[\"revslider21\"].once = false;window.revapi2 = undefined;if (window.RS_MODULES.checkMinimal!==undefined) window.RS_MODULES.checkMinimal()}\n\t\t\t\t<\/script>\n\t\t\t<\/rs-module-wrap>\n\t\t\t<!-- END REVOLUTION SLIDER -->\n[\/vc_column][\/vc_row][vc_row full_width=&#8220;stretch_row&#8220; bg_type=&#8220;bg_color&#8220; bg_color_value=&#8220;#000000&#8243; css=&#8220;.vc_custom_1655116180633{padding-top: 300px !important;}&#8220; el_id=&#8220;prasentation&#8220;][vc_column width=&#8220;1\/6&#8243;][\/vc_column][vc_column css_animation=&#8220;fadeInDown&#8220; width=&#8220;2\/3&#8243; color_style=&#8220;light&#8220; css=&#8220;.vc_custom_1541548896041{margin-top: -250px !important;padding-top: 8% !important;padding-right: 10% !important;padding-bottom: 10% !important;padding-left: 10% !important;background-color: #1e73be !important;}&#8220;]<div id=\"ultimate-heading-890069d221cd613e1\" class=\"uvc-heading ult-adjust-bottom-margin ultimate-heading-890069d221cd613e1 uvc-6094 \" data-hspacer=\"no_spacer\"  data-halign=\"center\" style=\"text-align:center\"><div class=\"uvc-heading-spacer no_spacer\" style=\"top\"><\/div><div class=\"uvc-main-heading ult-responsive\"  data-ultimate-target='.uvc-heading.ultimate-heading-890069d221cd613e1 h2'  data-responsive-json-new='{\"font-size\":\"desktop:35px;\",\"line-height\":\"desktop:35px;\"}' ><h2 style=\"font-family:&#039;Playfair Display&#039;;font-weight:700;color:#ffffff;margin-top:0px;margin-bottom:25px;\">Eine Woche Atempause f\u00fcr den Planeten<\/h2><\/div><div class=\"uvc-sub-heading ult-responsive\"  data-ultimate-target='.uvc-heading.ultimate-heading-890069d221cd613e1 .uvc-sub-heading '  data-responsive-json-new='{\"font-size\":\"desktop:20px;\",\"line-height\":\"desktop:40px;\"}'  style=\"font-weight:normal;color:#ffffff;\"><\/p>\n<p style=\"text-align: center;\"><strong>Geben wir dem Planeten eine Woche Atempause.<\/strong><\/p>\n<p style=\"text-align: center;\">Wir glauben, dass es sehr wichtig ist, die Misshandlung unseres Planeten, deren Folge die aktuelle Klimakrise ist, zumindest ein wenig einzud\u00e4mmen. Daher schlagen wir vor, ihm eine Pause von einer Woche pro Jahr zu gew\u00e4hren, mit einem Aktivit\u00e4tsstopp, der dem zu Beginn des COVID-Lockdowns sehr \u00e4hnlich ist. Hiervon ausgenommen werden alle Aktivit\u00e4ten, die als systemrelevant angesehen werden, mit Ausnahme derer, die \u2013 wie zum damaligen Zeitpunkt \u2013 keine Verschmutzung darstellen.<\/p>\n<p style=\"text-align: center;\">Das klingt zwar utopisch, aber in einigen Bereichen wird bereits etwas \u00c4hnliches getan, zum Beispiel in denen, die wir weiter unten in unserem Vorschlag erw\u00e4hnen.<br \/>\nWir sind uns bewusst, dass das, was wir im Moment anstreben, eine Utopie zu sein scheint. Aber es ist ebenfalls eine Realit\u00e4t, dass uns der Lockdown in der COVID-Pandemie gelehrt hat, dass es keine unm\u00f6glichen Ma\u00dfnahmen gibt, sondern dass alles von der Dringlichkeit der Gefahr abh\u00e4ngt, der wir ausgesetzt sind. Und das Paradoxe ist, dass der Planet sich bereits in einer Notsituation befindet, auch wenn viele sich dessen nicht bewusst sind oder sich weigern, das einzugestehen.<\/p>\n<p style=\"text-align: center;\">WIR BITTEN HIER NUR UM IHRE UNTERSCHRIFT, aber generell ist eine \u00f6kologische Haltung eine t\u00e4gliche Aufgabe aller, in allen m\u00f6glichen Bereichen.<\/p>\n<p><\/div><\/div>[\/vc_column][vc_column width=&#8220;1\/6&#8243;][\/vc_column][\/vc_row][vc_row full_width=&#8220;stretch_row&#8220; bg_type=&#8220;bg_color&#8220; css=&#8220;.vc_custom_1646597539462{margin-bottom: 0px !important;padding-bottom: -50px !important;}&#8220; offset=&#8220;vc_hidden-sm vc_hidden-xs&#8220; bg_color_value=&#8220;#000000&#8243;][vc_column width=&#8220;2\/3&#8243; css=&#8220;.vc_custom_1541548105905{margin-top: 0px !important;margin-right: 0px !important;margin-bottom: 0px !important;margin-left: 0px !important;padding-top: 0px !important;padding-right: 0px !important;padding-bottom: 0px !important;padding-left: 0px !important;}&#8220;][vc_single_image image=&#8220;22&#8243; img_size=&#8220;full&#8220; alignment=&#8220;center&#8220; css_animation=&#8220;fadeInUp&#8220; css=&#8220;.vc_custom_1587837507622{margin-top: 0px !important;margin-right: 0px !important;margin-bottom: 0px !important;margin-left: 0px !important;padding-top: 0px !important;padding-right: 0px !important;padding-bottom: 0px !important;padding-left: 0px !important;}&#8220;][\/vc_column][vc_column css_animation=&#8220;fadeInDown&#8220; width=&#8220;1\/3&#8243; css=&#8220;.vc_custom_1650399864937{margin-left: -50px !important;padding-top: 70px !important;}&#8220;]<div id=\"ultimate-heading-277569d221cd61441\" class=\"uvc-heading ult-adjust-bottom-margin ultimate-heading-277569d221cd61441 uvc-3240 \" data-hspacer=\"no_spacer\"  data-halign=\"left\" style=\"text-align:left\"><div class=\"uvc-heading-spacer no_spacer\" style=\"top\"><\/div><div class=\"uvc-main-heading ult-responsive\"  data-ultimate-target='.uvc-heading.ultimate-heading-277569d221cd61441 h2'  data-responsive-json-new='{\"font-size\":\"desktop:100px;\",\"line-height\":\"desktop:110px;\"}' ><h2 style=\"font-family:&#039;Playfair Display&#039;;font-weight:700;color:#1e73be;\">COVID 19<\/h2><\/div><\/div>[\/vc_column][\/vc_row][vc_row full_width=&#8220;stretch_row&#8220; full_height=&#8220;yes&#8220; remove_padding=&#8220;no-padding-vc-row&#8220; bg_type=&#8220;image&#8220; parallax_style=&#8220;vcpb-vz-jquery&#8220; bg_image_new=&#8220;id^152|url^http:\/\/lasemanadelplaneta.com\/wp-content\/uploads\/2022\/03\/LaSemanaDeRespiroDelPlaneta.jpg|caption^null|alt^La Semana De Respiro del Planeta|title^La Semana De Respiro del Planeta|description^null&#8220; css=&#8220;.vc_custom_1655116270291{padding-top: 70px !important;padding-bottom: 70px !important;background-color: #000000 !important;}&#8220; el_id=&#8220;vorschlag&#8220;][vc_column][vc_row_inner css=&#8220;.vc_custom_1587840242315{padding-bottom: 30px !important;}&#8220;][vc_column_inner width=&#8220;1\/6&#8243;][\/vc_column_inner][vc_column_inner width=&#8220;2\/3&#8243;]<div id=\"ultimate-heading-307069d221cd6147e\" class=\"uvc-heading ult-adjust-bottom-margin ultimate-heading-307069d221cd6147e uvc-4765 \" data-hspacer=\"no_spacer\"  data-halign=\"center\" style=\"text-align:center\"><div class=\"uvc-heading-spacer no_spacer\" style=\"top\"><\/div><div class=\"uvc-main-heading ult-responsive\"  data-ultimate-target='.uvc-heading.ultimate-heading-307069d221cd6147e h2'  data-responsive-json-new='{\"font-size\":\"desktop:35px;\",\"line-height\":\"desktop:35px;\"}' ><h2 style=\"font-family:&#039;Playfair Display&#039;;font-weight:700;color:#ffffff;margin-top:0px;margin-bottom:25px;\">Vorschlag zur unterbreitung bei der UNO<\/h2><\/div><\/div>[\/vc_column_inner][vc_column_inner width=&#8220;1\/6&#8243;][\/vc_column_inner][\/vc_row_inner][vc_row_inner][vc_column_inner]<div id=\"ultimate-heading-765469d221cd614bc\" class=\"uvc-heading ult-adjust-bottom-margin ultimate-heading-765469d221cd614bc uvc-952 \" data-hspacer=\"no_spacer\"  data-halign=\"left\" style=\"text-align:left\"><div class=\"uvc-heading-spacer no_spacer\" style=\"top\"><\/div><div class=\"uvc-sub-heading ult-responsive\"  data-ultimate-target='.uvc-heading.ultimate-heading-765469d221cd614bc .uvc-sub-heading '  data-responsive-json-new='{\"font-size\":\"desktop:20px;\",\"line-height\":\"desktop:40px;\"}'  style=\"font-weight:normal;color:#ffffff;\"><\/p>\n<p style=\"text-align: center;\">Es ist unm\u00f6glich, dass Menschen auf einem kranken Planeten gesund leben, aber die Erde ist kein lebloses Objekt, sondern ein lebender Organismus, der sich selbst heilen kann.<\/p>\n<p style=\"text-align: center;\">In nur f\u00fcnf Tagen, seit dem 14. M\u00e4rz 2020, <strong>als der COVID-Lockdown in Spanien einsetzte, sank beispielsweise der Stickstoffdioxidgehalt in den Gro\u00dfst\u00e4dten im Durchschnitt um 64 %.<\/strong> Dies bedeutet, dass der Planet eine gro\u00dfe F\u00e4higkeit hat, sich zum Teil von den Sch\u00e4den zu erholen, denen ihn der Mensch t\u00e4glich aussetzt.<\/p>\n<p style=\"text-align: center;\">Deshalb fordern wir die Vereinten Nationen auf, die Verpflichtung zu \u00fcbernehmen, alle Regierungen eindringlich und nachdr\u00fccklich aufzufordern, Gesetze zu erlassen, um \u201edie Woche der Atempause des Planeten\u201c zu respektieren und ausschlie\u00dflich alle nicht wesentlichen umweltsch\u00e4dlichen Aktivit\u00e4ten f\u00fcr sieben Tage im Jahr zum Wohle unserer einzigen, unersetzlichen und stark besch\u00e4digten gemeinsamen Heimat zu stoppen. Weil die selbstm\u00f6rderische Option, generell nichts zu unternehmen weder logisch, noch im Einklang mit unserer globalen Gesundheit oder mit der tragischen Situation der aktuellen Klimakrise ist.<\/p>\n<p style=\"text-align: center;\">Etwas \u00c4hnliches wie die biologischen Ruhezeiten durch vor\u00fcbergehende Schlie\u00dfung einiger Gebiete der Meeresfischerei zur Wiederherstellung der Arten und die Brache, ein Anbausystem, das darin besteht, die Aussaat des Bodens in regelm\u00e4\u00dfigen Abst\u00e4nden zu stoppen, damit er sich regenerieren kann.<\/p>\n<p style=\"text-align: center;\">Um diese Situation auszugleichen, fordern wir daher auch, dass in dieser Woche jeder, der zu diesen beiden letztgenannten Gruppen geh\u00f6rt und f\u00fcr seine Arbeit oder als Finanzhilfe oder Rente (mit einem Minimum, das zu gegebener Zeit definiert werden muss) eine finanzielle Verg\u00fctung erh\u00e4lt, nur den branchen\u00fcbergreifenden Mindestlohn erh\u00e4lt, um diejenigen Arbeitnehmer zu entsch\u00e4digen, deren wirtschaftliche Verluste diesen Mindestlohn \u00fcbersteigen, und den Rest, falls vorhanden, f\u00fcr \u00f6kologische Verbesserungen zu verwenden.<\/p>\n<p style=\"text-align: center;\">Wir sind uns bewusst, dass dieser kleine Umsatzr\u00fcckgang ein Nachteil f\u00fcr das Erreichen von Unterschriften sein kann, aber die Realit\u00e4t ist sehr bedrohlich, sogar be\u00e4ngstigend, so dass wir alle zusammenarbeiten m\u00fcssen. Schlie\u00dflich k\u00f6nnen wir keine unterschiedlichen Ergebnisse erzielen, wenn wir dasselbe tun. Es ist ein kleiner Verzicht f\u00fcr eine gro\u00dfen allgemeinen Nutzen. Dar\u00fcber hinaus w\u00e4re die K\u00fcrzung nicht f\u00fcr alle gleich, sondern je nach Einkommensniveau progressiv.<\/p>\n<p style=\"text-align: center;\">Wenn der branchen\u00fcbergreifende Mindestlohn in einem Land nicht in Kraft ist, k\u00f6nnte er durch einen Prozentsatz des Gehalts dieser Woche ersetzt werden, der von \u00d6konomen der Regierung jedes Landes festgelegt werden m\u00fcsste. Die Festlegung und Auswahl der Sektoren, die gestoppt werden sollten, obliegt auch jeder Regierung, obwohl die Vereinten Nationen eine allgemeine \u00f6kologische und wirtschaftliche Studie erstellen sollten, um Entscheidungen zu erleichtern.<\/p>\n<p><\/div><\/div>[\/vc_column_inner][\/vc_row_inner][vc_btn title=&#8220;WIR BITTEN UM IHRE UNTERSCHRIFT, UM DIESEN VORSCHLAG AN DIE UNO WEITERZULEITEN. Vielen dank im voraus.&#8220; style=&#8220;custom&#8220; custom_background=&#8220;#ffffff&#8220; custom_text=&#8220;#dd0000&#8243; shape=&#8220;square&#8220; align=&#8220;center&#8220; link=&#8220;url:https%3A%2F%2Fchng.it%2F6MrZJgph|target:_blank&#8220;][vc_single_image image=&#8220;139&#8243; img_size=&#8220;full&#8220; alignment=&#8220;center&#8220; onclick=&#8220;custom_link&#8220; img_link_target=&#8220;_blank&#8220; link=&#8220;https:\/\/chng.it\/6MrZJgph&#8220;][\/vc_column][\/vc_row][vc_row full_width=&#8220;stretch_row&#8220; full_height=&#8220;yes&#8220; remove_padding=&#8220;no-padding-vc-row&#8220; bg_type=&#8220;image&#8220; parallax_style=&#8220;vcpb-vz-jquery&#8220; bg_image_new=&#8220;id^179|url^http:\/\/lasemanadelplaneta.com\/wp-content\/uploads\/2022\/03\/Mundo.jpg|caption^null|alt^null|title^Mundo|description^null&#8220; css=&#8220;.vc_custom_1655116669584{background-color: #000000 !important;}&#8220; el_id=&#8220;philosophie&#8220;][vc_column][vc_row_inner][vc_column_inner]<div id=\"ultimate-heading-655069d221cd614f2\" class=\"uvc-heading ult-adjust-bottom-margin ultimate-heading-655069d221cd614f2 uvc-8414 \" data-hspacer=\"no_spacer\"  data-halign=\"left\" style=\"text-align:left\"><div class=\"uvc-heading-spacer no_spacer\" style=\"top\"><\/div><div class=\"uvc-sub-heading ult-responsive\"  data-ultimate-target='.uvc-heading.ultimate-heading-655069d221cd614f2 .uvc-sub-heading '  data-responsive-json-new='{\"font-size\":\"desktop:20px;\",\"line-height\":\"desktop:40px;\"}'  style=\"font-weight:normal;color:#ffffff;\"><\/p>\n<p style=\"text-align: center;\">Das Problem, das wir mit der gegenw\u00e4rtigen Situation des Planeten haben, \u00fcbersteigt logischerweise jede Handlung, die wir auf individueller Ebene durchf\u00fchren k\u00f6nnen. Was nicht bedeutet, dass alle pers\u00f6nlichen Ma\u00dfnahmen nutzlos sind, denn jede noch so kleine Geste z\u00e4hlt.<\/p>\n<p style=\"text-align: center;\">Was wir mit dieser Bewegung vorschlagen, ist keine L\u00f6sung, das liegt auf der Hand, sondern eine Ann\u00e4herung an das Bewusstsein, dass man ein wenig zur\u00fcckstecken muss, um nicht alles endg\u00fcltig zu verlieren. Wir m\u00fcssen uns bewusst sein, dass es au\u00dferordentlich bedeutsam w\u00e4re, wenn wir mit den Vereinten Nationen an der Spitze erreichen k\u00f6nnten, dass die meisten L\u00e4nder zumindest vorerst f\u00fcr eine Woche pro Jahr dem Planeten eine Atempause g\u00f6nnen w\u00fcrden. Denn Umweltexperten versichern, dass wir einen Wendepunkt erreicht haben, an dem es entscheidend ist, an dringenden L\u00f6sungen zu arbeiten, nicht nur f\u00fcr die kommenden Generationen, sondern auch f\u00fcr unsere eigene.<\/p>\n<p style=\"text-align: center;\">Das derzeitige Modell des Wirtschaftswachstums ist f\u00fcr den Planeten unhaltbar, weil wir seine Ressourcen fast doppelt so schnell ersch\u00f6pfen, wie er sie produziert, und obwohl die Regierungen die Hauptverantwortung tragen, m\u00fcssen die B\u00fcrger auch L\u00f6sungen vorschlagen und fordern, denn wir sitzen alle im gleichen Boot. Unser Planet&#8230; geh\u00f6rt uns nicht, wir sind hier nur auf der Durchreise und wir m\u00fcssen ihn so gut wie m\u00f6glich hinterlassen.<\/p>\n<p><\/div><\/div>[\/vc_column_inner][\/vc_row_inner][vc_btn title=&#8220;SAGEN SIE UNS IHRE MEINUNG, WENN SIE M\u00d6CHTEN.&#8220; style=&#8220;custom&#8220; custom_background=&#8220;#ffffff&#8220; custom_text=&#8220;#dd0000&#8243; align=&#8220;center&#8220; link=&#8220;url:https%3A%2F%2Flasemanadelplaneta.com%2F2022%2F03%2F07%2Fopiniones%2F|||&#8220;][\/vc_column][\/vc_row][vc_row full_width=&#8220;stretch_row&#8220; remove_padding=&#8220;no-padding-vc-row&#8220; bg_type=&#8220;image&#8220; parallax_style=&#8220;vcpb-vz-jquery&#8220; bg_image_new=&#8220;id^36|url^http:\/\/lasemanadelplaneta.com\/wp-content\/uploads\/2020\/04\/Suscribete-a-La-Semana-del-Planeta.jpg|caption^null|alt^null|title^Suscribete-a-La-Semana-del-Planeta|description^null&#8220; css=&#8220;.vc_custom_1587841425239{padding-top: 70px !important;padding-bottom: 50px !important;}&#8220;][vc_column][vc_row_inner css=&#8220;.vc_custom_1650988715132{padding-right: 50px !important;padding-left: 50px !important;}&#8220;][vc_column_inner]<div id=\"ultimate-heading-362169d221cd61527\" class=\"uvc-heading ult-adjust-bottom-margin ultimate-heading-362169d221cd61527 uvc-3324 \" data-hspacer=\"no_spacer\"  data-halign=\"center\" style=\"text-align:center\"><div class=\"uvc-heading-spacer no_spacer\" style=\"top\"><\/div><div class=\"uvc-main-heading ult-responsive\"  data-ultimate-target='.uvc-heading.ultimate-heading-362169d221cd61527 h4'  data-responsive-json-new='{\"font-size\":\"desktop:35px;\",\"line-height\":\"desktop:35px;\"}' ><h4 style=\"font-family:&#039;Playfair Display&#039;;font-weight:700;color:#ffffff;margin-top:0px;margin-bottom:25px;\">Bleib informiert<\/h4><\/div><div class=\"uvc-sub-heading ult-responsive\"  data-ultimate-target='.uvc-heading.ultimate-heading-362169d221cd61527 .uvc-sub-heading '  data-responsive-json-new='{\"font-size\":\"desktop:20px;\",\"line-height\":\"desktop:40px;\"}'  style=\"font-weight:normal;color:#ffffff;\"><\/p>\n<p style=\"text-align: center;\">Suscr\u00edbete<\/p>\n<p><\/div><\/div><div role=\"form\" class=\"wpcf7\" id=\"wpcf7-f643-o1\" lang=\"es-ES\" dir=\"ltr\">\n<div class=\"screen-reader-response\"><p role=\"status\" aria-live=\"polite\" aria-atomic=\"true\"><\/p> <ul><\/ul><\/div>\n<form action=\"\/de\/wp-json\/wp\/v2\/pages\/626#wpcf7-f643-o1\" method=\"post\" class=\"wpcf7-form init\" novalidate=\"novalidate\" data-status=\"init\">\n<div style=\"display: none;\">\n<input type=\"hidden\" name=\"_wpcf7\" value=\"643\" \/>\n<input type=\"hidden\" name=\"_wpcf7_version\" value=\"5.5.6.1\" \/>\n<input type=\"hidden\" name=\"_wpcf7_locale\" value=\"es_ES\" \/>\n<input type=\"hidden\" name=\"_wpcf7_unit_tag\" value=\"wpcf7-f643-o1\" \/>\n<input type=\"hidden\" name=\"_wpcf7_container_post\" value=\"0\" \/>\n<input type=\"hidden\" name=\"_wpcf7_posted_data_hash\" value=\"\" \/>\n<input type=\"hidden\" name=\"_wpcf7_recaptcha_response\" value=\"\" \/>\n<\/div>\n<p><span class=\"wpcf7-form-control-wrap email\"><input type=\"email\" name=\"email\" value=\"\" size=\"40\" class=\"wpcf7-form-control wpcf7-text wpcf7-email wpcf7-validates-as-required wpcf7-validates-as-email\" aria-required=\"true\" aria-invalid=\"false\" placeholder=\"E-mail\" \/><\/span><\/p>\n<p><span class=\"wpcf7-form-control-wrap RGPD\"><span class=\"wpcf7-form-control wpcf7-acceptance optional\"><span class=\"wpcf7-list-item\"><label><input type=\"checkbox\" name=\"RGPD\" value=\"1\" aria-invalid=\"false\" \/><span class=\"wpcf7-list-item-label\"><span class=\"color:#fff;\">Ich akzeptiere die Nutzungsbedingungen der<a href=\"https:\/\/lasemanadelplaneta.com\/politica-de-privacidad\/\"> Pol\u00edtica de Privacidad<\/a> der Website Eine Woche Atempause f\u00fcr den Planeten\n<\/span><\/span><\/label><\/span><\/span><\/span><\/p>\n<p><span style=\"color: #00a9d1;\">ZUS\u00c4TZLICHE INFORMATION:<\/span>\u00a0<a href=\"https:\/\/lasemanadelplaneta.com\/politica-de-privacidad\/\">PDATENSCHUTZ-BESTIMMUNGEN<\/a> und <a href=\"https:\/\/lasemanadelplaneta.com\/politica-de-cookies\/\">COOKIES-RICHTLINIE<\/a><\/p>\n<p><input type=\"submit\" value=\"Ich m\u00f6chte updates von der Website Eine Woche Atempause f\u00fcr den Planeten\" class=\"wpcf7-form-control has-spinner wpcf7-submit\" \/><\/p>\n<div class=\"wpcf7-response-output\" aria-hidden=\"true\"><\/div><\/form><\/div>[\/vc_column_inner][\/vc_row_inner][\/vc_column][\/vc_row]<\/p>\n","protected":false},"excerpt":{"rendered":"<p>[vc_row css=&#8220;.vc_custom_1648466688527{margin-top: 0px !important;margin-right: 0px !important;margin-bottom: 0px !important;margin-left: 0px !important;padding-top: 0px !important;padding-right: 0px !important;padding-bottom: 0px !important;padding-left: 0px !important;}&#8220; offset=&#8220;vc_hidden-sm&#8220;][vc_column css=&#8220;.vc_custom_1541444463988{margin-top: 0px !important;margin-right: 0px !important;margin-bottom: 0px !important;margin-left: 0px !important;padding-top: 0px !important;padding-right: 0px !important;padding-bottom: 0px !important;padding-left: 0px !important;}&#8220;][\/vc_column][\/vc_row][vc_row full_width=&#8220;stretch_row&#8220; bg_type=&#8220;bg_color&#8220; bg_color_value=&#8220;#000000&#8243; css=&#8220;.vc_custom_1655116180633{padding-top:&#8230;<\/p>\n","protected":false},"author":1,"featured_media":0,"parent":0,"menu_order":0,"comment_status":"closed","ping_status":"open","template":"","meta":[],"_links":{"self":[{"href":"https:\/\/lasemanadelplaneta.com\/de\/wp-json\/wp\/v2\/pages\/626"}],"collection":[{"href":"https:\/\/lasemanadelplaneta.com\/de\/wp-json\/wp\/v2\/pages"}],"about":[{"href":"https:\/\/lasemanadelplaneta.com\/de\/wp-json\/wp\/v2\/types\/page"}],"author":[{"embeddable":true,"href":"https:\/\/lasemanadelplaneta.com\/de\/wp-json\/wp\/v2\/users\/1"}],"replies":[{"embeddable":true,"href":"https:\/\/lasemanadelplaneta.com\/de\/wp-json\/wp\/v2\/comments?post=626"}],"version-history":[{"count":6,"href":"https:\/\/lasemanadelplaneta.com\/de\/wp-json\/wp\/v2\/pages\/626\/revisions"}],"predecessor-version":[{"id":650,"href":"https:\/\/lasemanadelplaneta.com\/de\/wp-json\/wp\/v2\/pages\/626\/revisions\/650"}],"wp:attachment":[{"href":"https:\/\/lasemanadelplaneta.com\/de\/wp-json\/wp\/v2\/media?parent=626"}],"curies":[{"name":"wp","href":"https:\/\/api.w.org\/{rel}","templated":true}]}}