{"id":569,"date":"2018-11-05T18:26:02","date_gmt":"2018-11-05T18:26:02","guid":{"rendered":"https:\/\/lasemanadelplaneta.com\/home-space\/"},"modified":"2022-05-23T16:17:45","modified_gmt":"2022-05-23T16:17:45","slug":"home-space","status":"publish","type":"page","link":"https:\/\/lasemanadelplaneta.com\/it\/","title":{"rendered":"Home Space"},"content":{"rendered":"<p>[vc_row css=&#8221;.vc_custom_1648466688527{margin-top: 0px !important;margin-right: 0px !important;margin-bottom: 0px !important;margin-left: 0px !important;padding-top: 0px !important;padding-right: 0px !important;padding-bottom: 0px !important;padding-left: 0px !important;}&#8221; offset=&#8221;vc_hidden-sm&#8221;][vc_column css=&#8221;.vc_custom_1541444463988{margin-top: 0px !important;margin-right: 0px !important;margin-bottom: 0px !important;margin-left: 0px !important;padding-top: 0px !important;padding-right: 0px !important;padding-bottom: 0px !important;padding-left: 0px !important;}&#8221;]\n\t\t\t<!-- START Space REVOLUTION SLIDER 6.5.14 --><p class=\"rs-p-wp-fix\"><\/p>\n\t\t\t<rs-module-wrap id=\"rev_slider_2_1_wrapper\" data-source=\"gallery\" style=\"visibility:hidden;background:#000000;padding:0;\">\n\t\t\t\t<rs-module id=\"rev_slider_2_1\" style=\"\" data-version=\"6.5.14\">\n\t\t\t\t\t<rs-slides>\n\t\t\t\t\t\t<rs-slide style=\"position: absolute;\" data-key=\"rs-6\" data-title=\"Slide IT\" data-anim=\"ms:600;\" data-in=\"o:0;\" data-out=\"a:false;\">\n\t\t\t\t\t\t\t<img src=\"\/\/lasemanadelplaneta.com\/wp-content\/plugins\/revslider\/public\/assets\/assets\/dummy.png\" alt=\"\" title=\"Home Space\" class=\"rev-slidebg tp-rs-img rs-lazyload\" data-lazyload=\"\/\/lasemanadelplaneta.com\/wp-content\/uploads\/2018\/11\/space.jpg\" data-parallax=\"off\" data-no-retina>\n<!--\n\t\t\t\t\t\t\t--><rs-layer\n\t\t\t\t\t\t\t\tid=\"slider-2-slide-6-layer-1\" \n\t\t\t\t\t\t\t\tclass=\"rs-pxl-1\"\n\t\t\t\t\t\t\t\tdata-type=\"image\"\n\t\t\t\t\t\t\t\tdata-rsp_ch=\"on\"\n\t\t\t\t\t\t\t\tdata-xy=\"xo:249px,249px,249px,-60px;y:m;yo:-4px,-4px,-4px,11px;\"\n\t\t\t\t\t\t\t\tdata-text=\"l:22;a:inherit;\"\n\t\t\t\t\t\t\t\tdata-dim=\"w:['252px','252px','252px','252px'];h:['653px','653px','653px','653px'];\"\n\t\t\t\t\t\t\t\tdata-frame_0=\"y:bottom;o:1;\"\n\t\t\t\t\t\t\t\tdata-frame_1=\"st:430;sp:2000;sR:430;\"\n\t\t\t\t\t\t\t\tdata-frame_999=\"o:0;st:w;sR:6570;\"\n\t\t\t\t\t\t\t\tstyle=\"z-index:7;\"\n\t\t\t\t\t\t\t><img src=\"\/\/lasemanadelplaneta.com\/wp-content\/plugins\/revslider\/public\/assets\/assets\/dummy.png\" alt=\"\" class=\"tp-rs-img rs-lazyload\" width=\"240\" height=\"622\" data-lazyload=\"\/\/lasemanadelplaneta.com\/wp-content\/uploads\/2020\/04\/reloj-arena.png\" data-no-retina> \n\t\t\t\t\t\t\t<\/rs-layer><!--\n\n\t\t\t\t\t\t\t--><rs-layer\n\t\t\t\t\t\t\t\tid=\"slider-2-slide-6-layer-2\" \n\t\t\t\t\t\t\t\tclass=\"tp-shape tp-shapewrapper\"\n\t\t\t\t\t\t\t\tdata-type=\"shape\"\n\t\t\t\t\t\t\t\tdata-rsp_ch=\"on\"\n\t\t\t\t\t\t\t\tdata-xy=\"x:c;y:m;\"\n\t\t\t\t\t\t\t\tdata-text=\"a:inherit;\"\n\t\t\t\t\t\t\t\tdata-dim=\"w:1200px;h:600px;\"\n\t\t\t\t\t\t\t\tdata-border=\"bos:solid;boc:#ffffff;bow:20,20,20,20;\"\n\t\t\t\t\t\t\t\tdata-frame_0=\"y:top;o:1;\"\n\t\t\t\t\t\t\t\tdata-frame_1=\"st:2440;sp:2000;sR:2440;\"\n\t\t\t\t\t\t\t\tdata-frame_999=\"o:0;st:w;sR:4560;\"\n\t\t\t\t\t\t\t\tstyle=\"z-index:6;background-color:rgba(0,0,0,0);\"\n\t\t\t\t\t\t\t> \n\t\t\t\t\t\t\t<\/rs-layer><!--\n\n\t\t\t\t\t\t\t--><rs-layer\n\t\t\t\t\t\t\t\tid=\"slider-2-slide-6-layer-3\" \n\t\t\t\t\t\t\t\tdata-type=\"text\"\n\t\t\t\t\t\t\t\tdata-rsp_ch=\"on\"\n\t\t\t\t\t\t\t\tdata-xy=\"x:l,l,l,c;xo:945px,945px,945px,0;y:m;yo:-100px;\"\n\t\t\t\t\t\t\t\tdata-text=\"s:80;l:81;fw:700;a:right;\"\n\t\t\t\t\t\t\t\tdata-dim=\"w:auto,auto,auto,200.602px;\"\n\t\t\t\t\t\t\t\tdata-frame_1=\"st:4440;sR:4440;\"\n\t\t\t\t\t\t\t\tdata-frame_999=\"o:0;st:w;sR:4260;\"\n\t\t\t\t\t\t\t\tstyle=\"z-index:8;font-family:'Montserrat';\"\n\t\t\t\t\t\t\t>SOS \n\t\t\t\t\t\t\t<\/rs-layer><!--\n\n\t\t\t\t\t\t\t--><rs-layer\n\t\t\t\t\t\t\t\tid=\"slider-2-slide-6-layer-4\" \n\t\t\t\t\t\t\t\tdata-type=\"text\"\n\t\t\t\t\t\t\t\tdata-rsp_ch=\"on\"\n\t\t\t\t\t\t\t\tdata-xy=\"xo:811px,811px,811px,80px;yo:388px,388px,388px,337px;\"\n\t\t\t\t\t\t\t\tdata-text=\"w:normal;s:16;l:22;ls:1px;a:right,right,right,center;\"\n\t\t\t\t\t\t\t\tdata-dim=\"w:308.991px,308.991px,308.991px,308px;\"\n\t\t\t\t\t\t\t\tdata-frame_1=\"st:4440;sR:4440;\"\n\t\t\t\t\t\t\t\tdata-frame_999=\"o:0;st:w;sR:4260;\"\n\t\t\t\t\t\t\t\tstyle=\"z-index:9;font-family:'Poppins';\"\n\t\t\t\t\t\t\t><strong>\u00c8 impossibile per gli esseri umani essere sani su un pianeta malato<\/strong>, ma la Terra non \u00e8 un oggetto inerte, \u00e8 un organismo vivente capace di guarire se stesso.. \n\t\t\t\t\t\t\t<\/rs-layer><!--\n\n\t\t\t\t\t\t\t--><rs-layer\n\t\t\t\t\t\t\t\tid=\"slider-2-slide-6-layer-6\" \n\t\t\t\t\t\t\t\tclass=\"tp-shape tp-shapewrapper\"\n\t\t\t\t\t\t\t\tdata-type=\"shape\"\n\t\t\t\t\t\t\t\tdata-rsp_ch=\"on\"\n\t\t\t\t\t\t\t\tdata-xy=\"x:c;y:b;\"\n\t\t\t\t\t\t\t\tdata-text=\"fw:500;a:inherit;\"\n\t\t\t\t\t\t\t\tdata-dim=\"w:3000px;h:301px;\"\n\t\t\t\t\t\t\t\tdata-blendmode=\"multiply\"\n\t\t\t\t\t\t\t\tdata-frame_0=\"o:1;\"\n\t\t\t\t\t\t\t\tdata-frame_1=\"st:320;sp:460;sR:320;\"\n\t\t\t\t\t\t\t\tdata-frame_999=\"o:0;st:w;sR:8220;\"\n\t\t\t\t\t\t\t\tstyle=\"z-index:5;background:linear-gradient(rgba(10,10,10,0) 0%, rgba(10,10,10,1) 85%, rgba(10,10,10,1) 100%);\"\n\t\t\t\t\t\t\t> \n\t\t\t\t\t\t\t<\/rs-layer><!--\n-->\t\t\t\t\t\t<\/rs-slide>\n\t\t\t\t\t<\/rs-slides>\n\t\t\t\t<\/rs-module>\n\t\t\t\t<script>\n\t\t\t\t\tsetREVStartSize({c: 'rev_slider_2_1',rl:[1240,1240,1240,480],el:[867.997,867.997,867.997,720],gw:[1240,1240,1240,480],gh:[868,868,868,720],type:'hero',justify:'',layout:'fullscreen',offsetContainer:'',offset:'',mh:\"0\"});if (window.RS_MODULES!==undefined && window.RS_MODULES.modules!==undefined && window.RS_MODULES.modules[\"revslider21\"]!==undefined) {window.RS_MODULES.modules[\"revslider21\"].once = false;window.revapi2 = undefined;if (window.RS_MODULES.checkMinimal!==undefined) window.RS_MODULES.checkMinimal()}\n\t\t\t\t<\/script>\n\t\t\t<\/rs-module-wrap>\n\t\t\t<!-- END REVOLUTION SLIDER -->\n[\/vc_column][\/vc_row][vc_row full_width=&#8221;stretch_row&#8221; bg_type=&#8221;bg_color&#8221; bg_color_value=&#8221;#000000&#8243; css=&#8221;.vc_custom_1650898892077{padding-top: 300px !important;}&#8221; el_id=&#8221;presentazione&#8221;][vc_column width=&#8221;1\/6&#8243;][\/vc_column][vc_column css_animation=&#8221;fadeInDown&#8221; width=&#8221;2\/3&#8243; color_style=&#8221;light&#8221; css=&#8221;.vc_custom_1541548896041{margin-top: -250px !important;padding-top: 8% !important;padding-right: 10% !important;padding-bottom: 10% !important;padding-left: 10% !important;background-color: #1e73be !important;}&#8221;]<div id=\"ultimate-heading-359869d22964ec7dc\" class=\"uvc-heading ult-adjust-bottom-margin ultimate-heading-359869d22964ec7dc uvc-8399 \" data-hspacer=\"no_spacer\"  data-halign=\"center\" style=\"text-align:center\"><div class=\"uvc-heading-spacer no_spacer\" style=\"top\"><\/div><div class=\"uvc-main-heading ult-responsive\"  data-ultimate-target='.uvc-heading.ultimate-heading-359869d22964ec7dc h2'  data-responsive-json-new='{\"font-size\":\"desktop:35px;\",\"line-height\":\"desktop:35px;\"}' ><h2 style=\"font-family:&#039;Playfair Display&#039;;font-weight:700;color:#ffffff;margin-top:0px;margin-bottom:25px;\">La Semana De Respiro Del Planeta<\/h2><\/div><div class=\"uvc-sub-heading ult-responsive\"  data-ultimate-target='.uvc-heading.ultimate-heading-359869d22964ec7dc .uvc-sub-heading '  data-responsive-json-new='{\"font-size\":\"desktop:20px;\",\"line-height\":\"desktop:40px;\"}'  style=\"font-weight:normal;color:#ffffff;\"><\/p>\n<p style=\"text-align: center;\"><strong>Diamo una settimana di tregua al pianeta<\/strong><\/p>\n<p style=\"text-align: center;\">Noi crediamo che sia molto importante rallentare, almeno per un p\u00f3, i maltrattamenti del nostro pianeta, la cui conseguenza \u00e9 l\u2019attuale crisi climatica. Conseguentemente, l\u2019obiettivo che proponiamo \u00e9 di dare una settimana di tregua all\u2019anno attraverso una interruzione molto simile a quella che \u00e9 stata messa in atto al principio del confinamento per il COVID, con l\u2019eccezione, come in quel momento, delle attivit\u00e1 considerate essenziali ed escludendo quelle che non comportano nessun tipo di inquinamento.<\/p>\n<p style=\"text-align: center;\">Sebbene possa sembrare un\u2019utopia, alcuni settori stanno gi\u00e1 facendo qualcosa di simile come, per esempio, quelli mensionati di seguito nella sezione \u201cproposta\u201d.<br \/>\nSiamo consapevoli che in questo momento quello che pretendiamo possa considerarsi un\u2019utopia per\u00f3 bisogna considerare anche che \u00e9 una realt\u00e1: il confinamento a causa del COVID ci ha insegnato che non esistono provvedimenti impossibili ma che tutto dipende dall\u2019urgenza del pericolo che dobbiamo affrontare. E il paradosso \u00e9 che il pianeta \u00e9 gi\u00e1 in pericolo anche se molti non ne sono consapevoli o stentano a crederci.<\/p>\n<p style=\"text-align: center;\">ADESSO CHIEDIAMO SOLO LA TUA FIRMA anche se un atteggiamento ecologista per difendere l\u2019ambiente, dovrebbe essere un compito quotidiano in tutti gli ambiti possibili.<\/p>\n<p><\/div><\/div>[\/vc_column][vc_column width=&#8221;1\/6&#8243;][\/vc_column][\/vc_row][vc_row full_width=&#8221;stretch_row&#8221; bg_type=&#8221;bg_color&#8221; css=&#8221;.vc_custom_1646597539462{margin-bottom: 0px !important;padding-bottom: -50px !important;}&#8221; offset=&#8221;vc_hidden-sm vc_hidden-xs&#8221; bg_color_value=&#8221;#000000&#8243;][vc_column width=&#8221;2\/3&#8243; css=&#8221;.vc_custom_1541548105905{margin-top: 0px !important;margin-right: 0px !important;margin-bottom: 0px !important;margin-left: 0px !important;padding-top: 0px !important;padding-right: 0px !important;padding-bottom: 0px !important;padding-left: 0px !important;}&#8221;][vc_single_image image=&#8221;22&#8243; img_size=&#8221;full&#8221; alignment=&#8221;center&#8221; css_animation=&#8221;fadeInUp&#8221; css=&#8221;.vc_custom_1587837507622{margin-top: 0px !important;margin-right: 0px !important;margin-bottom: 0px !important;margin-left: 0px !important;padding-top: 0px !important;padding-right: 0px !important;padding-bottom: 0px !important;padding-left: 0px !important;}&#8221;][\/vc_column][vc_column css_animation=&#8221;fadeInDown&#8221; width=&#8221;1\/3&#8243; css=&#8221;.vc_custom_1650399864937{margin-left: -50px !important;padding-top: 70px !important;}&#8221;]<div id=\"ultimate-heading-953169d22964ec880\" class=\"uvc-heading ult-adjust-bottom-margin ultimate-heading-953169d22964ec880 uvc-9325 \" data-hspacer=\"no_spacer\"  data-halign=\"left\" style=\"text-align:left\"><div class=\"uvc-heading-spacer no_spacer\" style=\"top\"><\/div><div class=\"uvc-main-heading ult-responsive\"  data-ultimate-target='.uvc-heading.ultimate-heading-953169d22964ec880 h2'  data-responsive-json-new='{\"font-size\":\"desktop:100px;\",\"line-height\":\"desktop:110px;\"}' ><h2 style=\"font-family:&#039;Playfair Display&#039;;font-weight:700;color:#1e73be;\">COVID 19<\/h2><\/div><\/div>[\/vc_column][\/vc_row][vc_row full_width=&#8221;stretch_row&#8221; full_height=&#8221;yes&#8221; remove_padding=&#8221;no-padding-vc-row&#8221; bg_type=&#8221;image&#8221; parallax_style=&#8221;vcpb-vz-jquery&#8221; bg_image_new=&#8221;id^152|url^http:\/\/lasemanadelplaneta.com\/wp-content\/uploads\/2022\/03\/LaSemanaDeRespiroDelPlaneta.jpg|caption^null|alt^La Semana De Respiro del Planeta|title^La Semana De Respiro del Planeta|description^null&#8221; css=&#8221;.vc_custom_1646651356253{padding-top: 70px !important;padding-bottom: 70px !important;background-color: #000000 !important;}&#8221; el_id=&#8221;proposta&#8221;][vc_column][vc_row_inner css=&#8221;.vc_custom_1587840242315{padding-bottom: 30px !important;}&#8221;][vc_column_inner width=&#8221;1\/6&#8243;][\/vc_column_inner][vc_column_inner width=&#8221;2\/3&#8243;]<div id=\"ultimate-heading-518269d22964ec8ea\" class=\"uvc-heading ult-adjust-bottom-margin ultimate-heading-518269d22964ec8ea uvc-8913 \" data-hspacer=\"no_spacer\"  data-halign=\"center\" style=\"text-align:center\"><div class=\"uvc-heading-spacer no_spacer\" style=\"top\"><\/div><div class=\"uvc-main-heading ult-responsive\"  data-ultimate-target='.uvc-heading.ultimate-heading-518269d22964ec8ea h2'  data-responsive-json-new='{\"font-size\":\"desktop:35px;\",\"line-height\":\"desktop:35px;\"}' ><h2 style=\"font-family:&#039;Playfair Display&#039;;font-weight:700;color:#ffffff;margin-top:0px;margin-bottom:25px;\">Proposta da inviare alla ONU<\/h2><\/div><\/div>[\/vc_column_inner][vc_column_inner width=&#8221;1\/6&#8243;][\/vc_column_inner][\/vc_row_inner][vc_row_inner][vc_column_inner]<div id=\"ultimate-heading-714069d22964ec955\" class=\"uvc-heading ult-adjust-bottom-margin ultimate-heading-714069d22964ec955 uvc-4395 \" data-hspacer=\"no_spacer\"  data-halign=\"left\" style=\"text-align:left\"><div class=\"uvc-heading-spacer no_spacer\" style=\"top\"><\/div><div class=\"uvc-sub-heading ult-responsive\"  data-ultimate-target='.uvc-heading.ultimate-heading-714069d22964ec955 .uvc-sub-heading '  data-responsive-json-new='{\"font-size\":\"desktop:20px;\",\"line-height\":\"desktop:40px;\"}'  style=\"font-weight:normal;color:#ffffff;\"><\/p>\n<p style=\"text-align: center;\">E\u2019 impossibile che gli esseri umani possano godere di buona salute in un pianeta malato, per\u00f3 il pianeta Terra non \u00e9 un oggetto inerte ma un organismo vivo capace di curarsi.<\/p>\n<p style=\"text-align: center;\">In soli cinque giorni, dal 14 di marzo del 2020 quando inizi\u00f3 l<strong>o stato di allarme per il COVID in Spagna<\/strong>, <strong>per esempio, i livelli di concentrazione di biossido di azoto nelle principali citt\u00e1, diminuirono mediamente del 64%<\/strong> Questo significa che il pianeta ha una grande capacit\u00e1 per potersi recuperare, in parte, dal danno al quale viene sottoposto giornalmente dall\u2019essere umano.<\/p>\n<p style=\"text-align: center;\">Per questo chiediamo che la ONU faccia suo il compromesso di chiedere con forza e insistentemente a tutti i governi di legiferare affinch\u00e9 si rispetti &lt;&lt; la settimana del respiro del pianeta&gt;&gt;, fermando, esclusivamente, tutte le attivit\u00e1 contaminanti non essenziali durante sette giorni all\u2019anno a favore del nostro unico, insostituibile e molto deteriorato ambiente comune. Quanto detto perch\u00e9 la opzione suicida di non fare nulla a livello generale non \u00e9 l\u00f3gica ne coerente con la nostra salute globale e, tantomeno, con l\u2019attuale tragica situazione della crisi clim\u00e1tica.<\/p>\n<p style=\"text-align: center;\">Quello che si propone \u00e9 qualcosa simile ai periodi di fermo biol\u00f3gico quando viene attuata la sospensione temporale di alcuni tipi di pesca nei fondali marini, per il recupero delle specie ittiche, ed alla sospensione dei sistemi di coltivazione che consiste nel far riposare periodicamente il terreno affinch\u00e9 possa rigenerarsi.<\/p>\n<p style=\"text-align: center;\">Questo provvedimento \u00e9 destinato a rafforzare il beneficio ecologico dell\u2019intero pianeta e di tutti gli esseri umani ed \u00e9 per questo motivo che pensiamo che sarebbe molto ingiusto che soltanto alcuni settori della societ\u00e1, per contaminare, venissero colpiti da perdite economiche mentre altri, essendo considerati essenziali o non contaminanti , no. Pertanto, per equilibrare questa situazione, chiediamo \u2013 inoltre \u2013 che nella settimana anzi detta, chiunque appartenga a questi due ultimi gruppi e che stia ricevendo una retribuzione econ\u00f3mica per il proprio lavoro, un aiuto econ\u00f3mico o una pensione (con importi minimi che verranno stabiliti al momento opportuno), percepisca soltanto il salario minimo interprofessionale, per compensare quei lavoratori la cui perdita econo mica superi il predetto salario minimo, destinando il resto, nel caso in cui ci fosse, a miglioramenti ecologici.<\/p>\n<p style=\"text-align: center;\">Siamo coscienti del fatto che questa piccola riduzione delle retribuzioni possa essere un inconveniente per la raccolta di firme a favore della petizione per\u00f3 occorre considerare che la realt\u00e1 \u00e9 abbastanza critica e addirittura spaventosa e, per questo motivo, tutti dobbiamo collaborare visto che non possiamo ottenere risultati diversi continuando ad agire nello stesso modo. E\u2019 una piccola rinuncia per ottenere un beneficio molto pi\u00fa ampio. Inoltre, la riduzione non sarebbe uguale pe tutti ma verrebbe fatta in maniera progressiva, dipendendo dal tipo delle retribuzioni.<\/p>\n<p style=\"text-align: center;\">Nel caso in cui il salario minimo interprofessionale non dovesse essere contemplato da qualche nazione, si potrebbe sostituire con una percentuale da quantificare e da applicare alla retibuzione corrispondente alla suddetta settimana, che potrebbe essere determinata da esperti economisti facenti capo al governo di ciascuno stato. Il governo di ogni nazione dovrebbe anche assumere la responsabilit\u00e1 della scelta e delle modalit\u00e1 dei settori che dovrebbero fermarsi, anche se sarebbe meglio che la ONU effettuasse uno studio di tipo ecologico ed economico generale per agevolare le decisioni da prendere.<\/p>\n<p><\/div><\/div>[\/vc_column_inner][\/vc_row_inner][vc_btn title=&#8221;CHIEDIAMO LA SUA FIRMA PER INVIARE QUESTA PROPOSTA ALL&#8217;ONU. Molte grazie anticipatamente&#8221; style=&#8221;custom&#8221; custom_background=&#8221;#ffffff&#8221; custom_text=&#8221;#dd0000&#8243; shape=&#8221;square&#8221; align=&#8221;center&#8221; link=&#8221;url:https%3A%2F%2Fchng.it%2FTfpBR6nV||target:%20_blank|&#8221;][vc_single_image image=&#8221;139&#8243; img_size=&#8221;full&#8221; alignment=&#8221;center&#8221; onclick=&#8221;custom_link&#8221; img_link_target=&#8221;_blank&#8221; link=&#8221;https:\/\/chng.it\/TfpBR6nV&#8221;][\/vc_column][\/vc_row][vc_row full_width=&#8221;stretch_row&#8221; full_height=&#8221;yes&#8221; remove_padding=&#8221;no-padding-vc-row&#8221; bg_type=&#8221;image&#8221; parallax_style=&#8221;vcpb-vz-jquery&#8221; bg_image_new=&#8221;id^179|url^http:\/\/lasemanadelplaneta.com\/wp-content\/uploads\/2022\/03\/Mundo.jpg|caption^null|alt^null|title^Mundo|description^null&#8221; css=&#8221;.vc_custom_1648483650815{background-color: #000000 !important;}&#8221; el_id=&#8221;filosofia&#8221;][vc_column][vc_row_inner][vc_column_inner]<div id=\"ultimate-heading-618369d22964eca71\" class=\"uvc-heading ult-adjust-bottom-margin ultimate-heading-618369d22964eca71 uvc-6776 \" data-hspacer=\"no_spacer\"  data-halign=\"left\" style=\"text-align:left\"><div class=\"uvc-heading-spacer no_spacer\" style=\"top\"><\/div><div class=\"uvc-sub-heading ult-responsive\"  data-ultimate-target='.uvc-heading.ultimate-heading-618369d22964eca71 .uvc-sub-heading '  data-responsive-json-new='{\"font-size\":\"desktop:20px;\",\"line-height\":\"desktop:40px;\"}'  style=\"font-weight:normal;color:#ffffff;\"><\/p>\n<p style=\"text-align: center;\">Il problema che abbiamo con la situazione attuale del pianeta logicamente va ben oltre a qualunque azione che possiamo mettere in atto a ivello individuale. Questo non significa che tutti gli accorgimenti personali che possiamo compiere siano inutili perch\u00e9, come \u00e9 noto, ogni chicco di grano contribuisce a formare un granaio.<\/p>\n<p style=\"text-align: center;\">Quello che proponiamo con questa iniziativa,evidentemente, non \u00e9 una soluzione bens\u00a1 un avvicinamento alla presa di coscienza che occorrre frenare un poco per non perdere tutto definitivamente. Presa di coscienza che sarebbe straordinariamente significativa se riuscissimo, con la ONU a capo , a far si che la maggior parte delle nazioni dasse un respiro al pianeta, almeno e per il momento, durante una settimana, considerato che gli esperti medioambientali sono certi che siamo arrivati a un punto cos\u00ed importante per cui risulta cruciale decidere seriamente di adottare soluzioni urgenti non solo per le generazioni future ma, incluso, per la nostra.<\/p>\n<p style=\"text-align: center;\">L\u2019attuale modello di crescita economica \u00e9 insostenibile per il pianeta, perch\u00e9 stiamo esaurendo le sue risorse quasi al doppio della velocit\u00e1 con cui le stesse vengono prodotte. Nonostante la principale responsabilit\u00e1 sia da attribuire ai governi, anche noi cittadini dobbiamo proporre ed esigere soluzioni, perch\u00e9 tutte le nostre vite dipendono da questo. Il nostro pianeta\u2026non \u00e9 nostro; solo siamo di passaggio e dobbiamo lasciarlo nella miglior maniera possibile.<\/p>\n<p><\/div><\/div>[\/vc_column_inner][\/vc_row_inner][vc_btn title=&#8221;SE LO DESIDERI, FORNISCI LA TUA OPINIONE&#8221; style=&#8221;custom&#8221; custom_background=&#8221;#ffffff&#8221; custom_text=&#8221;#dd0000&#8243; align=&#8221;center&#8221; link=&#8221;url:https%3A%2F%2Flasemanadelplaneta.com%2F2022%2F03%2F07%2Fopiniones%2F|&#8221;][\/vc_column][\/vc_row][vc_row full_width=&#8221;stretch_row&#8221; remove_padding=&#8221;no-padding-vc-row&#8221; bg_type=&#8221;image&#8221; parallax_style=&#8221;vcpb-vz-jquery&#8221; bg_image_new=&#8221;id^36|url^http:\/\/lasemanadelplaneta.com\/wp-content\/uploads\/2020\/04\/Suscribete-a-La-Semana-del-Planeta.jpg|caption^null|alt^null|title^Suscribete-a-La-Semana-del-Planeta|description^null&#8221; css=&#8221;.vc_custom_1587841425239{padding-top: 70px !important;padding-bottom: 50px !important;}&#8221;][vc_column][vc_row_inner css=&#8221;.vc_custom_1650988715132{padding-right: 50px !important;padding-left: 50px !important;}&#8221;][vc_column_inner]<div id=\"ultimate-heading-965969d22964ecad0\" class=\"uvc-heading ult-adjust-bottom-margin ultimate-heading-965969d22964ecad0 uvc-6326 \" data-hspacer=\"no_spacer\"  data-halign=\"center\" style=\"text-align:center\"><div class=\"uvc-heading-spacer no_spacer\" style=\"top\"><\/div><div class=\"uvc-main-heading ult-responsive\"  data-ultimate-target='.uvc-heading.ultimate-heading-965969d22964ecad0 h4'  data-responsive-json-new='{\"font-size\":\"desktop:35px;\",\"line-height\":\"desktop:35px;\"}' ><h4 style=\"font-family:&#039;Playfair Display&#039;;font-weight:700;color:#ffffff;margin-top:0px;margin-bottom:25px;\">Tieniti Informato<\/h4><\/div><div class=\"uvc-sub-heading ult-responsive\"  data-ultimate-target='.uvc-heading.ultimate-heading-965969d22964ecad0 .uvc-sub-heading '  data-responsive-json-new='{\"font-size\":\"desktop:20px;\",\"line-height\":\"desktop:40px;\"}'  style=\"font-weight:normal;color:#ffffff;\"><\/p>\n<p style=\"text-align: center;\">Registrati<\/p>\n<p><\/div><\/div><div role=\"form\" class=\"wpcf7\" id=\"wpcf7-f575-o1\" lang=\"es-ES\" dir=\"ltr\">\n<div class=\"screen-reader-response\"><p role=\"status\" aria-live=\"polite\" aria-atomic=\"true\"><\/p> <ul><\/ul><\/div>\n<form action=\"\/it\/wp-json\/wp\/v2\/pages\/569#wpcf7-f575-o1\" method=\"post\" class=\"wpcf7-form init\" novalidate=\"novalidate\" data-status=\"init\">\n<div style=\"display: none;\">\n<input type=\"hidden\" name=\"_wpcf7\" value=\"575\" \/>\n<input type=\"hidden\" name=\"_wpcf7_version\" value=\"5.5.6.1\" \/>\n<input type=\"hidden\" name=\"_wpcf7_locale\" value=\"es_ES\" \/>\n<input type=\"hidden\" name=\"_wpcf7_unit_tag\" value=\"wpcf7-f575-o1\" \/>\n<input type=\"hidden\" name=\"_wpcf7_container_post\" value=\"0\" \/>\n<input type=\"hidden\" name=\"_wpcf7_posted_data_hash\" value=\"\" \/>\n<input type=\"hidden\" name=\"_wpcf7_recaptcha_response\" value=\"\" \/>\n<\/div>\n<p><span class=\"wpcf7-form-control-wrap email\"><input type=\"email\" name=\"email\" value=\"\" size=\"40\" class=\"wpcf7-form-control wpcf7-text wpcf7-email wpcf7-validates-as-required wpcf7-validates-as-email\" aria-required=\"true\" aria-invalid=\"false\" placeholder=\"Indirizzo di posta elettronica (email)\" \/><\/span><\/p>\n<p><span class=\"wpcf7-form-control-wrap RGPD\"><span class=\"wpcf7-form-control wpcf7-acceptance optional\"><span class=\"wpcf7-list-item\"><label><input type=\"checkbox\" name=\"RGPD\" value=\"1\" aria-invalid=\"false\" \/><span class=\"wpcf7-list-item-label\"><span style=\"color:#fff;\">Accetto i termini di utilizzo contenuti nella <a href=\"https:\/\/lasemanadelplaneta.com\/politica-de-privacidad\/\"> Politica di Privacy <\/a> lla Semana De Respiro Del Planeta<\/span><\/span><\/label><\/span><\/span><\/span><\/p>\n<p><span style=\"color: #00a9d1;\">INFORMAZIONE AGGIUNTIVA: <\/span>\u00a0<a href=\"https:\/\/lasemanadelplaneta.com\/politica-de-privacidad\/\">POLITICA DI PRIVACY <\/a> e <a href=\"https:\/\/lasemanadelplaneta.com\/politica-de-cookies\/\">POLITICA DEI COOKIES<\/a><\/p>\n<p><input type=\"submit\" value=\"DESIDERO RICEVERE AGGIORNAMENTI DA PARTE DELLA SEMANA DE RESPIRO DEL PLANETA\" class=\"wpcf7-form-control has-spinner wpcf7-submit\" \/><\/p>\n<div class=\"wpcf7-response-output\" aria-hidden=\"true\"><\/div><\/form><\/div>[\/vc_column_inner][\/vc_row_inner][\/vc_column][\/vc_row]<\/p>\n","protected":false},"excerpt":{"rendered":"<p>[vc_row css=&#8221;.vc_custom_1648466688527{margin-top: 0px !important;margin-right: 0px !important;margin-bottom: 0px !important;margin-left: 0px !important;padding-top: 0px !important;padding-right: 0px !important;padding-bottom: 0px !important;padding-left: 0px !important;}&#8221; offset=&#8221;vc_hidden-sm&#8221;][vc_column css=&#8221;.vc_custom_1541444463988{margin-top: 0px !important;margin-right: 0px !important;margin-bottom: 0px !important;margin-left: 0px !important;padding-top: 0px !important;padding-right: 0px !important;padding-bottom: 0px !important;padding-left: 0px !important;}&#8221;][\/vc_column][\/vc_row][vc_row full_width=&#8221;stretch_row&#8221; bg_type=&#8221;bg_color&#8221; bg_color_value=&#8221;#000000&#8243; css=&#8221;.vc_custom_1650898892077{padding-top:&#8230;<\/p>\n","protected":false},"author":1,"featured_media":0,"parent":0,"menu_order":0,"comment_status":"closed","ping_status":"open","template":"","meta":[],"_links":{"self":[{"href":"https:\/\/lasemanadelplaneta.com\/it\/wp-json\/wp\/v2\/pages\/569"}],"collection":[{"href":"https:\/\/lasemanadelplaneta.com\/it\/wp-json\/wp\/v2\/pages"}],"about":[{"href":"https:\/\/lasemanadelplaneta.com\/it\/wp-json\/wp\/v2\/types\/page"}],"author":[{"embeddable":true,"href":"https:\/\/lasemanadelplaneta.com\/it\/wp-json\/wp\/v2\/users\/1"}],"replies":[{"embeddable":true,"href":"https:\/\/lasemanadelplaneta.com\/it\/wp-json\/wp\/v2\/comments?post=569"}],"version-history":[{"count":4,"href":"https:\/\/lasemanadelplaneta.com\/it\/wp-json\/wp\/v2\/pages\/569\/revisions"}],"predecessor-version":[{"id":576,"href":"https:\/\/lasemanadelplaneta.com\/it\/wp-json\/wp\/v2\/pages\/569\/revisions\/576"}],"wp:attachment":[{"href":"https:\/\/lasemanadelplaneta.com\/it\/wp-json\/wp\/v2\/media?parent=569"}],"curies":[{"name":"wp","href":"https:\/\/api.w.org\/{rel}","templated":true}]}}